{"id":13,"date":"2015-09-30T07:42:56","date_gmt":"2015-09-30T06:42:56","guid":{"rendered":"http:\/\/pro.uni-presse.dev\/?page_id=13"},"modified":"2024-10-03T12:54:46","modified_gmt":"2024-10-03T11:54:46","slug":"demande-de-creation-de-compte-de-devis-dinformation","status":"publish","type":"page","link":"https:\/\/pro.uni-presse.fr\/fr\/demande-de-creation-de-compte-de-devis-dinformation\/","title":{"rendered":"Demande de cr\u00e9ation de compte"},"content":{"rendered":"<p><strong>Vous souhaitez devenir client institutionnel\u00a0:<\/strong><\/p>\n<p>Pour nous rejoindre et profiter de nos offres professionnelles, merci d&rsquo;inscrire votre adresse email afin d&rsquo;effectuer une demande de cr\u00e9ation de compte :<\/p>\n<p><a href=\"https:\/\/pro.uni-presse.fr\/fr\/ouverture-de-compte\/\">Je fais une demande de cr\u00e9ation de compte.<\/a><\/p>\n<p>Notre \u00e9quipe vous\u00a0 fera parvenir dans les plus brefs d\u00e9lais vos identifiants personnels et votre mot de passe, n\u00e9cessaires pour acc\u00e9der \u00e0 votre nouvel espace de travail en ligne.<\/p>\n<p><strong>Vous souhaitez obtenir un devis :<\/strong><\/p>\n<p>Il est possible de cr\u00e9er vous-m\u00eames vos devis sur votre compte client institutionnel.<\/p>\n<p>Nos \u00e9quipes peuvent \u00e9galement effectuer des simulations et vous communiquer un ou plusieurs devis personnalis\u00e9s.<\/p>\n<p><strong>Vous avez besoin d&rsquo;un renseignement :<\/strong><\/p>\n<p>UNI-Presse est une association \u00e0 taille humaine compos\u00e9e de professionnels \u00e0 votre \u00e9coute.<\/p>\n<p>Vous pourrez communiquer facilement avec un interlocuteur privil\u00e9gi\u00e9 pour\u00a0 la prise et la gestion des abonnements\u00a0: (commande, date de d\u00e9marrage, date de fin, r\u00e9abonnement, r\u00e9ception d&rsquo;un num\u00e9ro, d\u00e9lais de livraison&#8230;).<\/p>\n<p>Pour cela, il vous suffit de prendre contact avec le service professionnel d&rsquo;UNI-Presse\u00a0:<\/p>\n<address title=\"Service Professionnel\">par mail : <a href=\"mailto:servicepro@uni-presse.fr\">servicepro@uni-presse.fr<\/a><\/address>\n<address title=\"Service Professionnel\">ou par t\u00e9l\u00e9phone + 33 (0) 1 42 78 27 72<\/address>\n<address title=\"Service Professionnel\">et fax : + 33 (0) 1 42 78 06 57<\/address>\n<p>Nos \u00e9quipes vous accompagnent\u00a0 et traitent vos demandes du lundi au vendredi.<\/p>\n","protected":false},"excerpt":{"rendered":"<p>Vous souhaitez devenir client institutionnel\u00a0: Pour nous rejoindre et profiter de nos offres professionnelles, merci d&rsquo;inscrire votre adresse email afin d&rsquo;effectuer une demande de cr\u00e9ation de compte : Je fais une demande de cr\u00e9ation de compte. Notre \u00e9quipe vous\u00a0 fera parvenir dans les plus brefs d\u00e9lais vos identifiants personnels et votre mot de passe, n\u00e9cessaires [&hellip;]<\/p>\n","protected":false},"author":7,"featured_media":0,"parent":0,"menu_order":0,"comment_status":"closed","ping_status":"closed","template":"","meta":{"footnotes":""},"class_list":["post-13","page","type-page","status-publish","hentry"],"yoast_head":"<!-- This site is optimized with the Yoast SEO Premium plugin v25.1 (Yoast SEO v25.1) - https:\/\/yoast.com\/wordpress\/plugins\/seo\/ -->\n<title>Demande de cr\u00e9ation de compte - UNI-Presse Pro<\/title>\n<meta name=\"description\" content=\"Vous cherchez un moyen simple et efficace pour g\u00e9rer vos abonnements presse ? Demandez l&#039;ouverture d&#039;un compte client professionnel.\" \/>\n<meta name=\"robots\" content=\"index, follow, max-snippet:-1, max-image-preview:large, max-video-preview:-1\" \/>\n<link rel=\"canonical\" href=\"https:\/\/pro.uni-presse.fr\/fr\/demande-de-creation-de-compte-de-devis-dinformation\/\" \/>\n<meta property=\"og:locale\" content=\"fr_FR\" \/>\n<meta property=\"og:type\" content=\"article\" \/>\n<meta property=\"og:title\" content=\"Demande de cr\u00e9ation de compte\" \/>\n<meta property=\"og:description\" content=\"Vous cherchez un moyen simple et efficace pour g\u00e9rer vos abonnements presse ? Demandez l&#039;ouverture d&#039;un compte client professionnel.\" \/>\n<meta property=\"og:url\" content=\"https:\/\/pro.uni-presse.fr\/fr\/demande-de-creation-de-compte-de-devis-dinformation\/\" \/>\n<meta property=\"og:site_name\" content=\"UNI-Presse Pro\" \/>\n<meta property=\"article:modified_time\" content=\"2024-10-03T11:54:46+00:00\" \/>\n<meta name=\"twitter:card\" content=\"summary_large_image\" \/>\n<meta name=\"twitter:label1\" content=\"Dur\u00e9e de lecture estim\u00e9e\" \/>\n\t<meta name=\"twitter:data1\" content=\"1 minute\" \/>\n<script type=\"application\/ld+json\" class=\"yoast-schema-graph\">{\"@context\":\"https:\/\/schema.org\",\"@graph\":[{\"@type\":\"WebPage\",\"@id\":\"https:\/\/pro.uni-presse.fr\/fr\/demande-de-creation-de-compte-de-devis-dinformation\/\",\"url\":\"https:\/\/pro.uni-presse.fr\/fr\/demande-de-creation-de-compte-de-devis-dinformation\/\",\"name\":\"Demande de cr\u00e9ation de compte - UNI-Presse Pro\",\"isPartOf\":{\"@id\":\"https:\/\/pro.uni-presse.fr\/fr\/#website\"},\"datePublished\":\"2015-09-30T06:42:56+00:00\",\"dateModified\":\"2024-10-03T11:54:46+00:00\",\"description\":\"Vous cherchez un moyen simple et efficace pour g\u00e9rer vos abonnements presse ? Demandez l'ouverture d'un compte client professionnel.\",\"breadcrumb\":{\"@id\":\"https:\/\/pro.uni-presse.fr\/fr\/demande-de-creation-de-compte-de-devis-dinformation\/#breadcrumb\"},\"inLanguage\":\"fr-FR\",\"potentialAction\":[{\"@type\":\"ReadAction\",\"target\":[\"https:\/\/pro.uni-presse.fr\/fr\/demande-de-creation-de-compte-de-devis-dinformation\/\"]}]},{\"@type\":\"BreadcrumbList\",\"@id\":\"https:\/\/pro.uni-presse.fr\/fr\/demande-de-creation-de-compte-de-devis-dinformation\/#breadcrumb\",\"itemListElement\":[{\"@type\":\"ListItem\",\"position\":1,\"name\":\"Home\",\"item\":\"https:\/\/pro.uni-presse.fr\/fr\/\"},{\"@type\":\"ListItem\",\"position\":2,\"name\":\"Demande de cr\u00e9ation de compte\"}]},{\"@type\":\"WebSite\",\"@id\":\"https:\/\/pro.uni-presse.fr\/fr\/#website\",\"url\":\"https:\/\/pro.uni-presse.fr\/fr\/\",\"name\":\"UNI-Presse Pro\",\"description\":\"Pr\u00e9sence des presses de France dans le monde\",\"potentialAction\":[{\"@type\":\"SearchAction\",\"target\":{\"@type\":\"EntryPoint\",\"urlTemplate\":\"https:\/\/pro.uni-presse.fr\/fr\/?s={search_term_string}\"},\"query-input\":{\"@type\":\"PropertyValueSpecification\",\"valueRequired\":true,\"valueName\":\"search_term_string\"}}],\"inLanguage\":\"fr-FR\"}]}<\/script>\n<!-- \/ Yoast SEO Premium plugin. -->","yoast_head_json":{"title":"Demande de cr\u00e9ation de compte - UNI-Presse Pro","description":"Vous cherchez un moyen simple et efficace pour g\u00e9rer vos abonnements presse ? Demandez l'ouverture d'un compte client professionnel.","robots":{"index":"index","follow":"follow","max-snippet":"max-snippet:-1","max-image-preview":"max-image-preview:large","max-video-preview":"max-video-preview:-1"},"canonical":"https:\/\/pro.uni-presse.fr\/fr\/demande-de-creation-de-compte-de-devis-dinformation\/","og_locale":"fr_FR","og_type":"article","og_title":"Demande de cr\u00e9ation de compte","og_description":"Vous cherchez un moyen simple et efficace pour g\u00e9rer vos abonnements presse ? Demandez l'ouverture d'un compte client professionnel.","og_url":"https:\/\/pro.uni-presse.fr\/fr\/demande-de-creation-de-compte-de-devis-dinformation\/","og_site_name":"UNI-Presse Pro","article_modified_time":"2024-10-03T11:54:46+00:00","twitter_card":"summary_large_image","twitter_misc":{"Dur\u00e9e de lecture estim\u00e9e":"1 minute"},"schema":{"@context":"https:\/\/schema.org","@graph":[{"@type":"WebPage","@id":"https:\/\/pro.uni-presse.fr\/fr\/demande-de-creation-de-compte-de-devis-dinformation\/","url":"https:\/\/pro.uni-presse.fr\/fr\/demande-de-creation-de-compte-de-devis-dinformation\/","name":"Demande de cr\u00e9ation de compte - UNI-Presse Pro","isPartOf":{"@id":"https:\/\/pro.uni-presse.fr\/fr\/#website"},"datePublished":"2015-09-30T06:42:56+00:00","dateModified":"2024-10-03T11:54:46+00:00","description":"Vous cherchez un moyen simple et efficace pour g\u00e9rer vos abonnements presse ? Demandez l'ouverture d'un compte client professionnel.","breadcrumb":{"@id":"https:\/\/pro.uni-presse.fr\/fr\/demande-de-creation-de-compte-de-devis-dinformation\/#breadcrumb"},"inLanguage":"fr-FR","potentialAction":[{"@type":"ReadAction","target":["https:\/\/pro.uni-presse.fr\/fr\/demande-de-creation-de-compte-de-devis-dinformation\/"]}]},{"@type":"BreadcrumbList","@id":"https:\/\/pro.uni-presse.fr\/fr\/demande-de-creation-de-compte-de-devis-dinformation\/#breadcrumb","itemListElement":[{"@type":"ListItem","position":1,"name":"Home","item":"https:\/\/pro.uni-presse.fr\/fr\/"},{"@type":"ListItem","position":2,"name":"Demande de cr\u00e9ation de compte"}]},{"@type":"WebSite","@id":"https:\/\/pro.uni-presse.fr\/fr\/#website","url":"https:\/\/pro.uni-presse.fr\/fr\/","name":"UNI-Presse Pro","description":"Pr\u00e9sence des presses de France dans le monde","potentialAction":[{"@type":"SearchAction","target":{"@type":"EntryPoint","urlTemplate":"https:\/\/pro.uni-presse.fr\/fr\/?s={search_term_string}"},"query-input":{"@type":"PropertyValueSpecification","valueRequired":true,"valueName":"search_term_string"}}],"inLanguage":"fr-FR"}]}},"_links":{"self":[{"href":"https:\/\/pro.uni-presse.fr\/fr\/wp-json\/wp\/v2\/pages\/13","targetHints":{"allow":["GET"]}}],"collection":[{"href":"https:\/\/pro.uni-presse.fr\/fr\/wp-json\/wp\/v2\/pages"}],"about":[{"href":"https:\/\/pro.uni-presse.fr\/fr\/wp-json\/wp\/v2\/types\/page"}],"author":[{"embeddable":true,"href":"https:\/\/pro.uni-presse.fr\/fr\/wp-json\/wp\/v2\/users\/7"}],"replies":[{"embeddable":true,"href":"https:\/\/pro.uni-presse.fr\/fr\/wp-json\/wp\/v2\/comments?post=13"}],"version-history":[{"count":6,"href":"https:\/\/pro.uni-presse.fr\/fr\/wp-json\/wp\/v2\/pages\/13\/revisions"}],"predecessor-version":[{"id":3482,"href":"https:\/\/pro.uni-presse.fr\/fr\/wp-json\/wp\/v2\/pages\/13\/revisions\/3482"}],"wp:attachment":[{"href":"https:\/\/pro.uni-presse.fr\/fr\/wp-json\/wp\/v2\/media?parent=13"}],"curies":[{"name":"wp","href":"https:\/\/api.w.org\/{rel}","templated":true}]}}