{"id":191,"date":"2016-06-10T09:12:33","date_gmt":"2016-06-10T08:12:33","guid":{"rendered":"https:\/\/pro.uni-presse.fr\/fr\/?page_id=191"},"modified":"2025-03-27T10:17:55","modified_gmt":"2025-03-27T09:17:55","slug":"faq","status":"publish","type":"page","link":"https:\/\/pro.uni-presse.fr\/fr\/faq\/","title":{"rendered":"FAQ"},"content":{"rendered":"<p>Vos questions ? Nos r\u00e9ponses<\/p>\n<p>Voici quelques questions parmi celles qui nous sont le plus souvent pos\u00e9es et leurs r\u00e9ponses d\u00e9taill\u00e9es. Si vous avez d&rsquo;autres questions ou si ces r\u00e9ponses ne vous correspondent pas, n&rsquo;h\u00e9sitez pas \u00e0 contacter notre service client d\u00e9di\u00e9 aux professionnels :<\/p>\n<p>&#8211; par mail <a href=\"mailto:servicepro@uni-presse.fr\">servicepro@uni-presse.fr<\/a><\/p>\n<p>&#8211; par t\u00e9l\u00e9phone au +33 (0)1 42 78 37 72, du lundi au vendredi de 10h \u00e0 12h00 et de 14h30 \u00e0 17h00<\/p>\n<p>Notre \u00e9quipe se charge de vous accompagner dans la gestion de votre portefeuille d&rsquo;abonnements presse.<\/p>\n","protected":false},"excerpt":{"rendered":"<p>Vos questions ? Nos r\u00e9ponses Voici quelques questions parmi celles qui nous sont le plus souvent pos\u00e9es et leurs r\u00e9ponses d\u00e9taill\u00e9es. Si vous avez d&rsquo;autres questions ou si ces r\u00e9ponses ne vous correspondent pas, n&rsquo;h\u00e9sitez pas \u00e0 contacter notre service client d\u00e9di\u00e9 aux professionnels : &#8211; par mail servicepro@uni-presse.fr &#8211; par t\u00e9l\u00e9phone au +33 (0)1 [&hellip;]<\/p>\n","protected":false},"author":7,"featured_media":3310,"parent":0,"menu_order":0,"comment_status":"closed","ping_status":"closed","template":"template-faq.php","meta":{"footnotes":""},"class_list":["post-191","page","type-page","status-publish","has-post-thumbnail","hentry"],"yoast_head":"<!-- This site is optimized with the Yoast SEO Premium plugin v25.1 (Yoast SEO v25.1) - https:\/\/yoast.com\/wordpress\/plugins\/seo\/ -->\n<title>FAQ - UNI-Presse Pro<\/title>\n<meta name=\"description\" content=\"Trouvez rapidement des r\u00e9ponses \u00e0 vos questions. Informations claires et pr\u00e9cises pour vous aider \u00e0 mieux comprendre nos services.\" \/>\n<meta name=\"robots\" content=\"index, follow, max-snippet:-1, max-image-preview:large, max-video-preview:-1\" \/>\n<link rel=\"canonical\" href=\"https:\/\/pro.uni-presse.fr\/fr\/faq\/\" \/>\n<meta property=\"og:locale\" content=\"fr_FR\" \/>\n<meta property=\"og:type\" content=\"article\" \/>\n<meta property=\"og:title\" content=\"FAQ\" \/>\n<meta property=\"og:description\" content=\"Trouvez rapidement des r\u00e9ponses \u00e0 vos questions. Informations claires et pr\u00e9cises pour vous aider \u00e0 mieux comprendre nos services.\" \/>\n<meta property=\"og:url\" content=\"https:\/\/pro.uni-presse.fr\/fr\/faq\/\" \/>\n<meta property=\"og:site_name\" content=\"UNI-Presse Pro\" \/>\n<meta property=\"article:modified_time\" content=\"2025-03-27T09:17:55+00:00\" \/>\n<meta property=\"og:image\" content=\"https:\/\/pro.uni-presse.fr\/content\/uploads\/2024\/09\/people-smiling.png\" \/>\n\t<meta property=\"og:image:width\" content=\"330\" \/>\n\t<meta property=\"og:image:height\" content=\"411\" \/>\n\t<meta property=\"og:image:type\" content=\"image\/png\" \/>\n<meta name=\"twitter:card\" content=\"summary_large_image\" \/>\n<meta name=\"twitter:label1\" content=\"Dur\u00e9e de lecture estim\u00e9e\" \/>\n\t<meta name=\"twitter:data1\" content=\"1 minute\" \/>\n<script type=\"application\/ld+json\" class=\"yoast-schema-graph\">{\"@context\":\"https:\/\/schema.org\",\"@graph\":[{\"@type\":\"WebPage\",\"@id\":\"https:\/\/pro.uni-presse.fr\/fr\/faq\/\",\"url\":\"https:\/\/pro.uni-presse.fr\/fr\/faq\/\",\"name\":\"FAQ - UNI-Presse Pro\",\"isPartOf\":{\"@id\":\"https:\/\/pro.uni-presse.fr\/fr\/#website\"},\"primaryImageOfPage\":{\"@id\":\"https:\/\/pro.uni-presse.fr\/fr\/faq\/#primaryimage\"},\"image\":{\"@id\":\"https:\/\/pro.uni-presse.fr\/fr\/faq\/#primaryimage\"},\"thumbnailUrl\":\"https:\/\/pro.uni-presse.fr\/content\/uploads\/2024\/09\/people-smiling.png\",\"datePublished\":\"2016-06-10T08:12:33+00:00\",\"dateModified\":\"2025-03-27T09:17:55+00:00\",\"description\":\"Trouvez rapidement des r\u00e9ponses \u00e0 vos questions. Informations claires et pr\u00e9cises pour vous aider \u00e0 mieux comprendre nos services.\",\"breadcrumb\":{\"@id\":\"https:\/\/pro.uni-presse.fr\/fr\/faq\/#breadcrumb\"},\"inLanguage\":\"fr-FR\",\"potentialAction\":[{\"@type\":\"ReadAction\",\"target\":[\"https:\/\/pro.uni-presse.fr\/fr\/faq\/\"]}]},{\"@type\":\"ImageObject\",\"inLanguage\":\"fr-FR\",\"@id\":\"https:\/\/pro.uni-presse.fr\/fr\/faq\/#primaryimage\",\"url\":\"https:\/\/pro.uni-presse.fr\/content\/uploads\/2024\/09\/people-smiling.png\",\"contentUrl\":\"https:\/\/pro.uni-presse.fr\/content\/uploads\/2024\/09\/people-smiling.png\",\"width\":330,\"height\":411,\"caption\":\"Trois personnes regardent un magazine en souriant\"},{\"@type\":\"BreadcrumbList\",\"@id\":\"https:\/\/pro.uni-presse.fr\/fr\/faq\/#breadcrumb\",\"itemListElement\":[{\"@type\":\"ListItem\",\"position\":1,\"name\":\"Home\",\"item\":\"https:\/\/pro.uni-presse.fr\/fr\/\"},{\"@type\":\"ListItem\",\"position\":2,\"name\":\"FAQ\"}]},{\"@type\":\"WebSite\",\"@id\":\"https:\/\/pro.uni-presse.fr\/fr\/#website\",\"url\":\"https:\/\/pro.uni-presse.fr\/fr\/\",\"name\":\"UNI-Presse Pro\",\"description\":\"Pr\u00e9sence des presses de France dans le monde\",\"potentialAction\":[{\"@type\":\"SearchAction\",\"target\":{\"@type\":\"EntryPoint\",\"urlTemplate\":\"https:\/\/pro.uni-presse.fr\/fr\/?s={search_term_string}\"},\"query-input\":{\"@type\":\"PropertyValueSpecification\",\"valueRequired\":true,\"valueName\":\"search_term_string\"}}],\"inLanguage\":\"fr-FR\"}]}<\/script>\n<!-- \/ Yoast SEO Premium plugin. -->","yoast_head_json":{"title":"FAQ - UNI-Presse Pro","description":"Trouvez rapidement des r\u00e9ponses \u00e0 vos questions. Informations claires et pr\u00e9cises pour vous aider \u00e0 mieux comprendre nos services.","robots":{"index":"index","follow":"follow","max-snippet":"max-snippet:-1","max-image-preview":"max-image-preview:large","max-video-preview":"max-video-preview:-1"},"canonical":"https:\/\/pro.uni-presse.fr\/fr\/faq\/","og_locale":"fr_FR","og_type":"article","og_title":"FAQ","og_description":"Trouvez rapidement des r\u00e9ponses \u00e0 vos questions. Informations claires et pr\u00e9cises pour vous aider \u00e0 mieux comprendre nos services.","og_url":"https:\/\/pro.uni-presse.fr\/fr\/faq\/","og_site_name":"UNI-Presse Pro","article_modified_time":"2025-03-27T09:17:55+00:00","og_image":[{"width":330,"height":411,"url":"https:\/\/pro.uni-presse.fr\/content\/uploads\/2024\/09\/people-smiling.png","type":"image\/png"}],"twitter_card":"summary_large_image","twitter_misc":{"Dur\u00e9e de lecture estim\u00e9e":"1 minute"},"schema":{"@context":"https:\/\/schema.org","@graph":[{"@type":"WebPage","@id":"https:\/\/pro.uni-presse.fr\/fr\/faq\/","url":"https:\/\/pro.uni-presse.fr\/fr\/faq\/","name":"FAQ - UNI-Presse Pro","isPartOf":{"@id":"https:\/\/pro.uni-presse.fr\/fr\/#website"},"primaryImageOfPage":{"@id":"https:\/\/pro.uni-presse.fr\/fr\/faq\/#primaryimage"},"image":{"@id":"https:\/\/pro.uni-presse.fr\/fr\/faq\/#primaryimage"},"thumbnailUrl":"https:\/\/pro.uni-presse.fr\/content\/uploads\/2024\/09\/people-smiling.png","datePublished":"2016-06-10T08:12:33+00:00","dateModified":"2025-03-27T09:17:55+00:00","description":"Trouvez rapidement des r\u00e9ponses \u00e0 vos questions. Informations claires et pr\u00e9cises pour vous aider \u00e0 mieux comprendre nos services.","breadcrumb":{"@id":"https:\/\/pro.uni-presse.fr\/fr\/faq\/#breadcrumb"},"inLanguage":"fr-FR","potentialAction":[{"@type":"ReadAction","target":["https:\/\/pro.uni-presse.fr\/fr\/faq\/"]}]},{"@type":"ImageObject","inLanguage":"fr-FR","@id":"https:\/\/pro.uni-presse.fr\/fr\/faq\/#primaryimage","url":"https:\/\/pro.uni-presse.fr\/content\/uploads\/2024\/09\/people-smiling.png","contentUrl":"https:\/\/pro.uni-presse.fr\/content\/uploads\/2024\/09\/people-smiling.png","width":330,"height":411,"caption":"Trois personnes regardent un magazine en souriant"},{"@type":"BreadcrumbList","@id":"https:\/\/pro.uni-presse.fr\/fr\/faq\/#breadcrumb","itemListElement":[{"@type":"ListItem","position":1,"name":"Home","item":"https:\/\/pro.uni-presse.fr\/fr\/"},{"@type":"ListItem","position":2,"name":"FAQ"}]},{"@type":"WebSite","@id":"https:\/\/pro.uni-presse.fr\/fr\/#website","url":"https:\/\/pro.uni-presse.fr\/fr\/","name":"UNI-Presse Pro","description":"Pr\u00e9sence des presses de France dans le monde","potentialAction":[{"@type":"SearchAction","target":{"@type":"EntryPoint","urlTemplate":"https:\/\/pro.uni-presse.fr\/fr\/?s={search_term_string}"},"query-input":{"@type":"PropertyValueSpecification","valueRequired":true,"valueName":"search_term_string"}}],"inLanguage":"fr-FR"}]}},"_links":{"self":[{"href":"https:\/\/pro.uni-presse.fr\/fr\/wp-json\/wp\/v2\/pages\/191","targetHints":{"allow":["GET"]}}],"collection":[{"href":"https:\/\/pro.uni-presse.fr\/fr\/wp-json\/wp\/v2\/pages"}],"about":[{"href":"https:\/\/pro.uni-presse.fr\/fr\/wp-json\/wp\/v2\/types\/page"}],"author":[{"embeddable":true,"href":"https:\/\/pro.uni-presse.fr\/fr\/wp-json\/wp\/v2\/users\/7"}],"replies":[{"embeddable":true,"href":"https:\/\/pro.uni-presse.fr\/fr\/wp-json\/wp\/v2\/comments?post=191"}],"version-history":[{"count":9,"href":"https:\/\/pro.uni-presse.fr\/fr\/wp-json\/wp\/v2\/pages\/191\/revisions"}],"predecessor-version":[{"id":2804,"href":"https:\/\/pro.uni-presse.fr\/fr\/wp-json\/wp\/v2\/pages\/191\/revisions\/2804"}],"wp:featuredmedia":[{"embeddable":true,"href":"https:\/\/pro.uni-presse.fr\/fr\/wp-json\/wp\/v2\/media\/3310"}],"wp:attachment":[{"href":"https:\/\/pro.uni-presse.fr\/fr\/wp-json\/wp\/v2\/media?parent=191"}],"curies":[{"name":"wp","href":"https:\/\/api.w.org\/{rel}","templated":true}]}}