{"id":2,"date":"2015-09-29T17:21:21","date_gmt":"2015-09-29T16:21:21","guid":{"rendered":"http:\/\/pro.uni-presse.dev\/?page_id=2"},"modified":"2025-09-30T15:07:55","modified_gmt":"2025-09-30T14:07:55","slug":"accueil","status":"publish","type":"page","link":"https:\/\/pro.uni-presse.fr\/fr\/","title":{"rendered":"Site destin\u00e9 aux professionnels"},"content":{"rendered":"<p>UNI-Presse propose un service d&rsquo;agence d&rsquo;abonnements. Elle permet aux institutionnels de g\u00e9rer leur portefeuille d&rsquo;abonnements en quelques clics.<\/p>\n<p>Ce site s&rsquo;adresse aux : institutionnels, entreprises, repr\u00e9sentants et organismes scolaires, biblioth\u00e8ques, m\u00e9diath\u00e8ques, CDI&#8230;<\/p>\n<p>Si vous \u00eates d\u00e9j\u00e0 en possession de votre identifiant et mot de passe, vous pouvez les entrer dans les champs \u00ab\u00a0Je suis client institutionnel\u00a0\u00bb.<\/p>\n<p>Dans le cas contraire, vous pouvez nous en faire la demande en cliquant sur \u00ab\u00a0Je souhaite devenir client institutionnel\u00a0\u00bb.<\/p>\n<p>Notre \u00e9quipe vous les fera parvenir dans les meilleurs d\u00e9lais.<\/p>\n","protected":false},"excerpt":{"rendered":"<p>UNI-Presse propose un service d&rsquo;agence d&rsquo;abonnements. Elle permet aux institutionnels de g\u00e9rer leur portefeuille d&rsquo;abonnements en quelques clics. Ce site s&rsquo;adresse aux : institutionnels, entreprises, repr\u00e9sentants et organismes scolaires, biblioth\u00e8ques, m\u00e9diath\u00e8ques, CDI&#8230; Si vous \u00eates d\u00e9j\u00e0 en possession de votre identifiant et mot de passe, vous pouvez les entrer dans les champs \u00ab\u00a0Je suis client [&hellip;]<\/p>\n","protected":false},"author":7,"featured_media":0,"parent":0,"menu_order":0,"comment_status":"closed","ping_status":"open","template":"front-page.php","meta":{"footnotes":""},"class_list":["post-2","page","type-page","status-publish","hentry"],"yoast_head":"<!-- This site is optimized with the Yoast SEO Premium plugin v25.1 (Yoast SEO v25.1) - https:\/\/yoast.com\/wordpress\/plugins\/seo\/ -->\n<title>Site destin\u00e9 aux professionnels - UNI-Presse Pro<\/title>\n<meta name=\"description\" content=\"UNI-Presse, sp\u00e9cialiste en\u00a0gestion de portefeuilles d\u2019abonnements\u00a0avec un catalogue de plus de\u00a07000 titres de presse francophone.\" \/>\n<meta name=\"robots\" content=\"index, follow, max-snippet:-1, max-image-preview:large, max-video-preview:-1\" \/>\n<link rel=\"canonical\" href=\"https:\/\/pro.uni-presse.fr\/fr\/\" \/>\n<meta property=\"og:locale\" content=\"fr_FR\" \/>\n<meta property=\"og:type\" content=\"article\" \/>\n<meta property=\"og:title\" content=\"Site destin\u00e9 aux professionnels\" \/>\n<meta property=\"og:description\" content=\"UNI-Presse, sp\u00e9cialiste en\u00a0gestion de portefeuilles d\u2019abonnements\u00a0avec un catalogue de plus de\u00a07000 titres de presse francophone.\" \/>\n<meta property=\"og:url\" content=\"https:\/\/pro.uni-presse.fr\/fr\/\" \/>\n<meta property=\"og:site_name\" content=\"UNI-Presse Pro\" \/>\n<meta property=\"article:modified_time\" content=\"2025-09-30T14:07:55+00:00\" \/>\n<meta name=\"twitter:card\" content=\"summary_large_image\" \/>\n<meta name=\"twitter:label1\" content=\"Dur\u00e9e de lecture estim\u00e9e\" \/>\n\t<meta name=\"twitter:data1\" content=\"1 minute\" \/>\n<script type=\"application\/ld+json\" class=\"yoast-schema-graph\">{\"@context\":\"https:\/\/schema.org\",\"@graph\":[{\"@type\":\"WebPage\",\"@id\":\"https:\/\/pro.uni-presse.fr\/fr\/\",\"url\":\"https:\/\/pro.uni-presse.fr\/fr\/\",\"name\":\"Site destin\u00e9 aux professionnels - UNI-Presse Pro\",\"isPartOf\":{\"@id\":\"https:\/\/pro.uni-presse.fr\/fr\/#website\"},\"datePublished\":\"2015-09-29T16:21:21+00:00\",\"dateModified\":\"2025-09-30T14:07:55+00:00\",\"description\":\"UNI-Presse, sp\u00e9cialiste en\u00a0gestion de portefeuilles d\u2019abonnements\u00a0avec un catalogue de plus de\u00a07000 titres de presse francophone.\",\"breadcrumb\":{\"@id\":\"https:\/\/pro.uni-presse.fr\/fr\/#breadcrumb\"},\"inLanguage\":\"fr-FR\",\"potentialAction\":[{\"@type\":\"ReadAction\",\"target\":[\"https:\/\/pro.uni-presse.fr\/fr\/\"]}]},{\"@type\":\"BreadcrumbList\",\"@id\":\"https:\/\/pro.uni-presse.fr\/fr\/#breadcrumb\",\"itemListElement\":[{\"@type\":\"ListItem\",\"position\":1,\"name\":\"Home\",\"item\":\"https:\/\/pro.uni-presse.fr\/fr\/\"},{\"@type\":\"ListItem\",\"position\":2,\"name\":\"Site destin\u00e9 aux professionnels\"}]},{\"@type\":\"WebSite\",\"@id\":\"https:\/\/pro.uni-presse.fr\/fr\/#website\",\"url\":\"https:\/\/pro.uni-presse.fr\/fr\/\",\"name\":\"UNI-Presse Pro\",\"description\":\"Pr\u00e9sence des presses de France dans le monde\",\"potentialAction\":[{\"@type\":\"SearchAction\",\"target\":{\"@type\":\"EntryPoint\",\"urlTemplate\":\"https:\/\/pro.uni-presse.fr\/fr\/?s={search_term_string}\"},\"query-input\":{\"@type\":\"PropertyValueSpecification\",\"valueRequired\":true,\"valueName\":\"search_term_string\"}}],\"inLanguage\":\"fr-FR\"}]}<\/script>\n<!-- \/ Yoast SEO Premium plugin. -->","yoast_head_json":{"title":"Site destin\u00e9 aux professionnels - UNI-Presse Pro","description":"UNI-Presse, sp\u00e9cialiste en\u00a0gestion de portefeuilles d\u2019abonnements\u00a0avec un catalogue de plus de\u00a07000 titres de presse francophone.","robots":{"index":"index","follow":"follow","max-snippet":"max-snippet:-1","max-image-preview":"max-image-preview:large","max-video-preview":"max-video-preview:-1"},"canonical":"https:\/\/pro.uni-presse.fr\/fr\/","og_locale":"fr_FR","og_type":"article","og_title":"Site destin\u00e9 aux professionnels","og_description":"UNI-Presse, sp\u00e9cialiste en\u00a0gestion de portefeuilles d\u2019abonnements\u00a0avec un catalogue de plus de\u00a07000 titres de presse francophone.","og_url":"https:\/\/pro.uni-presse.fr\/fr\/","og_site_name":"UNI-Presse Pro","article_modified_time":"2025-09-30T14:07:55+00:00","twitter_card":"summary_large_image","twitter_misc":{"Dur\u00e9e de lecture estim\u00e9e":"1 minute"},"schema":{"@context":"https:\/\/schema.org","@graph":[{"@type":"WebPage","@id":"https:\/\/pro.uni-presse.fr\/fr\/","url":"https:\/\/pro.uni-presse.fr\/fr\/","name":"Site destin\u00e9 aux professionnels - UNI-Presse Pro","isPartOf":{"@id":"https:\/\/pro.uni-presse.fr\/fr\/#website"},"datePublished":"2015-09-29T16:21:21+00:00","dateModified":"2025-09-30T14:07:55+00:00","description":"UNI-Presse, sp\u00e9cialiste en\u00a0gestion de portefeuilles d\u2019abonnements\u00a0avec un catalogue de plus de\u00a07000 titres de presse francophone.","breadcrumb":{"@id":"https:\/\/pro.uni-presse.fr\/fr\/#breadcrumb"},"inLanguage":"fr-FR","potentialAction":[{"@type":"ReadAction","target":["https:\/\/pro.uni-presse.fr\/fr\/"]}]},{"@type":"BreadcrumbList","@id":"https:\/\/pro.uni-presse.fr\/fr\/#breadcrumb","itemListElement":[{"@type":"ListItem","position":1,"name":"Home","item":"https:\/\/pro.uni-presse.fr\/fr\/"},{"@type":"ListItem","position":2,"name":"Site destin\u00e9 aux professionnels"}]},{"@type":"WebSite","@id":"https:\/\/pro.uni-presse.fr\/fr\/#website","url":"https:\/\/pro.uni-presse.fr\/fr\/","name":"UNI-Presse Pro","description":"Pr\u00e9sence des presses de France dans le monde","potentialAction":[{"@type":"SearchAction","target":{"@type":"EntryPoint","urlTemplate":"https:\/\/pro.uni-presse.fr\/fr\/?s={search_term_string}"},"query-input":{"@type":"PropertyValueSpecification","valueRequired":true,"valueName":"search_term_string"}}],"inLanguage":"fr-FR"}]}},"_links":{"self":[{"href":"https:\/\/pro.uni-presse.fr\/fr\/wp-json\/wp\/v2\/pages\/2","targetHints":{"allow":["GET"]}}],"collection":[{"href":"https:\/\/pro.uni-presse.fr\/fr\/wp-json\/wp\/v2\/pages"}],"about":[{"href":"https:\/\/pro.uni-presse.fr\/fr\/wp-json\/wp\/v2\/types\/page"}],"author":[{"embeddable":true,"href":"https:\/\/pro.uni-presse.fr\/fr\/wp-json\/wp\/v2\/users\/7"}],"replies":[{"embeddable":true,"href":"https:\/\/pro.uni-presse.fr\/fr\/wp-json\/wp\/v2\/comments?post=2"}],"version-history":[{"count":17,"href":"https:\/\/pro.uni-presse.fr\/fr\/wp-json\/wp\/v2\/pages\/2\/revisions"}],"predecessor-version":[{"id":4207,"href":"https:\/\/pro.uni-presse.fr\/fr\/wp-json\/wp\/v2\/pages\/2\/revisions\/4207"}],"wp:attachment":[{"href":"https:\/\/pro.uni-presse.fr\/fr\/wp-json\/wp\/v2\/media?parent=2"}],"curies":[{"name":"wp","href":"https:\/\/api.w.org\/{rel}","templated":true}]}}