{"id":235,"date":"2016-06-13T11:37:47","date_gmt":"2016-06-13T10:37:47","guid":{"rendered":"https:\/\/pro.uni-presse.fr\/fr\/?page_id=235"},"modified":"2025-05-13T10:56:13","modified_gmt":"2025-05-13T09:56:13","slug":"qui-sommes-nous","status":"publish","type":"page","link":"https:\/\/pro.uni-presse.fr\/fr\/qui-sommes-nous\/","title":{"rendered":"Qui sommes-nous ?"},"content":{"rendered":"<p>UNI-Presse : votre <strong>agence d&rsquo;abonnements<\/strong> \u00e0 la presse fran\u00e7aise \u00e0 travers le monde, forte de 75 ans d&rsquo;exp\u00e9rience dans la distribution de <strong>journaux <\/strong>et <strong>magazines<\/strong>.<\/p>\n","protected":false},"excerpt":{"rendered":"<p>UNI-Presse : votre agence d&rsquo;abonnements \u00e0 la presse fran\u00e7aise \u00e0 travers le monde, forte de 75 ans d&rsquo;exp\u00e9rience dans la distribution de journaux et magazines.<\/p>\n","protected":false},"author":7,"featured_media":0,"parent":0,"menu_order":0,"comment_status":"closed","ping_status":"closed","template":"template-qui-sommes-nous.php","meta":{"footnotes":""},"class_list":["post-235","page","type-page","status-publish","hentry"],"yoast_head":"<!-- This site is optimized with the Yoast SEO Premium plugin v25.1 (Yoast SEO v25.1) - https:\/\/yoast.com\/wordpress\/plugins\/seo\/ -->\n<title>Qui sommes-nous ? - UNI-Presse Pro<\/title>\n<meta name=\"description\" content=\"UNI-Presse, sp\u00e9cialiste de l\u2019abonnement presse pour les professionnels. Nous proposons des services sur-mesure adapt\u00e9s \u00e0 vos besoins.\" \/>\n<meta name=\"robots\" content=\"index, follow, max-snippet:-1, max-image-preview:large, max-video-preview:-1\" \/>\n<link rel=\"canonical\" href=\"https:\/\/pro.uni-presse.fr\/fr\/qui-sommes-nous\/\" \/>\n<meta property=\"og:locale\" content=\"fr_FR\" \/>\n<meta property=\"og:type\" content=\"article\" \/>\n<meta property=\"og:title\" content=\"Qui sommes-nous ?\" \/>\n<meta property=\"og:description\" content=\"UNI-Presse, sp\u00e9cialiste de l\u2019abonnement presse pour les professionnels. Nous proposons des services sur-mesure adapt\u00e9s \u00e0 vos besoins.\" \/>\n<meta property=\"og:url\" content=\"https:\/\/pro.uni-presse.fr\/fr\/qui-sommes-nous\/\" \/>\n<meta property=\"og:site_name\" content=\"UNI-Presse Pro\" \/>\n<meta property=\"article:modified_time\" content=\"2025-05-13T09:56:13+00:00\" \/>\n<meta name=\"twitter:card\" content=\"summary_large_image\" \/>\n<meta name=\"twitter:label1\" content=\"Dur\u00e9e de lecture estim\u00e9e\" \/>\n\t<meta name=\"twitter:data1\" content=\"1 minute\" \/>\n<script type=\"application\/ld+json\" class=\"yoast-schema-graph\">{\"@context\":\"https:\/\/schema.org\",\"@graph\":[{\"@type\":\"WebPage\",\"@id\":\"https:\/\/pro.uni-presse.fr\/fr\/qui-sommes-nous\/\",\"url\":\"https:\/\/pro.uni-presse.fr\/fr\/qui-sommes-nous\/\",\"name\":\"Qui sommes-nous ? - UNI-Presse Pro\",\"isPartOf\":{\"@id\":\"https:\/\/pro.uni-presse.fr\/fr\/#website\"},\"datePublished\":\"2016-06-13T10:37:47+00:00\",\"dateModified\":\"2025-05-13T09:56:13+00:00\",\"description\":\"UNI-Presse, sp\u00e9cialiste de l\u2019abonnement presse pour les professionnels. Nous proposons des services sur-mesure adapt\u00e9s \u00e0 vos besoins.\",\"breadcrumb\":{\"@id\":\"https:\/\/pro.uni-presse.fr\/fr\/qui-sommes-nous\/#breadcrumb\"},\"inLanguage\":\"fr-FR\",\"potentialAction\":[{\"@type\":\"ReadAction\",\"target\":[\"https:\/\/pro.uni-presse.fr\/fr\/qui-sommes-nous\/\"]}]},{\"@type\":\"BreadcrumbList\",\"@id\":\"https:\/\/pro.uni-presse.fr\/fr\/qui-sommes-nous\/#breadcrumb\",\"itemListElement\":[{\"@type\":\"ListItem\",\"position\":1,\"name\":\"Home\",\"item\":\"https:\/\/pro.uni-presse.fr\/fr\/\"},{\"@type\":\"ListItem\",\"position\":2,\"name\":\"Qui sommes-nous ?\"}]},{\"@type\":\"WebSite\",\"@id\":\"https:\/\/pro.uni-presse.fr\/fr\/#website\",\"url\":\"https:\/\/pro.uni-presse.fr\/fr\/\",\"name\":\"UNI-Presse Pro\",\"description\":\"Pr\u00e9sence des presses de France dans le monde\",\"potentialAction\":[{\"@type\":\"SearchAction\",\"target\":{\"@type\":\"EntryPoint\",\"urlTemplate\":\"https:\/\/pro.uni-presse.fr\/fr\/?s={search_term_string}\"},\"query-input\":{\"@type\":\"PropertyValueSpecification\",\"valueRequired\":true,\"valueName\":\"search_term_string\"}}],\"inLanguage\":\"fr-FR\"}]}<\/script>\n<!-- \/ Yoast SEO Premium plugin. -->","yoast_head_json":{"title":"Qui sommes-nous ? - UNI-Presse Pro","description":"UNI-Presse, sp\u00e9cialiste de l\u2019abonnement presse pour les professionnels. Nous proposons des services sur-mesure adapt\u00e9s \u00e0 vos besoins.","robots":{"index":"index","follow":"follow","max-snippet":"max-snippet:-1","max-image-preview":"max-image-preview:large","max-video-preview":"max-video-preview:-1"},"canonical":"https:\/\/pro.uni-presse.fr\/fr\/qui-sommes-nous\/","og_locale":"fr_FR","og_type":"article","og_title":"Qui sommes-nous ?","og_description":"UNI-Presse, sp\u00e9cialiste de l\u2019abonnement presse pour les professionnels. Nous proposons des services sur-mesure adapt\u00e9s \u00e0 vos besoins.","og_url":"https:\/\/pro.uni-presse.fr\/fr\/qui-sommes-nous\/","og_site_name":"UNI-Presse Pro","article_modified_time":"2025-05-13T09:56:13+00:00","twitter_card":"summary_large_image","twitter_misc":{"Dur\u00e9e de lecture estim\u00e9e":"1 minute"},"schema":{"@context":"https:\/\/schema.org","@graph":[{"@type":"WebPage","@id":"https:\/\/pro.uni-presse.fr\/fr\/qui-sommes-nous\/","url":"https:\/\/pro.uni-presse.fr\/fr\/qui-sommes-nous\/","name":"Qui sommes-nous ? - UNI-Presse Pro","isPartOf":{"@id":"https:\/\/pro.uni-presse.fr\/fr\/#website"},"datePublished":"2016-06-13T10:37:47+00:00","dateModified":"2025-05-13T09:56:13+00:00","description":"UNI-Presse, sp\u00e9cialiste de l\u2019abonnement presse pour les professionnels. Nous proposons des services sur-mesure adapt\u00e9s \u00e0 vos besoins.","breadcrumb":{"@id":"https:\/\/pro.uni-presse.fr\/fr\/qui-sommes-nous\/#breadcrumb"},"inLanguage":"fr-FR","potentialAction":[{"@type":"ReadAction","target":["https:\/\/pro.uni-presse.fr\/fr\/qui-sommes-nous\/"]}]},{"@type":"BreadcrumbList","@id":"https:\/\/pro.uni-presse.fr\/fr\/qui-sommes-nous\/#breadcrumb","itemListElement":[{"@type":"ListItem","position":1,"name":"Home","item":"https:\/\/pro.uni-presse.fr\/fr\/"},{"@type":"ListItem","position":2,"name":"Qui sommes-nous ?"}]},{"@type":"WebSite","@id":"https:\/\/pro.uni-presse.fr\/fr\/#website","url":"https:\/\/pro.uni-presse.fr\/fr\/","name":"UNI-Presse Pro","description":"Pr\u00e9sence des presses de France dans le monde","potentialAction":[{"@type":"SearchAction","target":{"@type":"EntryPoint","urlTemplate":"https:\/\/pro.uni-presse.fr\/fr\/?s={search_term_string}"},"query-input":{"@type":"PropertyValueSpecification","valueRequired":true,"valueName":"search_term_string"}}],"inLanguage":"fr-FR"}]}},"_links":{"self":[{"href":"https:\/\/pro.uni-presse.fr\/fr\/wp-json\/wp\/v2\/pages\/235","targetHints":{"allow":["GET"]}}],"collection":[{"href":"https:\/\/pro.uni-presse.fr\/fr\/wp-json\/wp\/v2\/pages"}],"about":[{"href":"https:\/\/pro.uni-presse.fr\/fr\/wp-json\/wp\/v2\/types\/page"}],"author":[{"embeddable":true,"href":"https:\/\/pro.uni-presse.fr\/fr\/wp-json\/wp\/v2\/users\/7"}],"replies":[{"embeddable":true,"href":"https:\/\/pro.uni-presse.fr\/fr\/wp-json\/wp\/v2\/comments?post=235"}],"version-history":[{"count":10,"href":"https:\/\/pro.uni-presse.fr\/fr\/wp-json\/wp\/v2\/pages\/235\/revisions"}],"predecessor-version":[{"id":3337,"href":"https:\/\/pro.uni-presse.fr\/fr\/wp-json\/wp\/v2\/pages\/235\/revisions\/3337"}],"wp:attachment":[{"href":"https:\/\/pro.uni-presse.fr\/fr\/wp-json\/wp\/v2\/media?parent=235"}],"curies":[{"name":"wp","href":"https:\/\/api.w.org\/{rel}","templated":true}]}}