{"id":245,"date":"2016-06-13T12:24:03","date_gmt":"2016-06-13T11:24:03","guid":{"rendered":"https:\/\/pro.uni-presse.fr\/fr\/?page_id=245"},"modified":"2025-04-28T15:36:53","modified_gmt":"2025-04-28T14:36:53","slug":"mentions-legales","status":"publish","type":"page","link":"https:\/\/pro.uni-presse.fr\/fr\/mentions-legales\/","title":{"rendered":"Mentions l\u00e9gales"},"content":{"rendered":"<h2><strong>1\/ Protection des donn\u00e9es personnelles<\/strong><\/h2>\n<p>UNI-Presse s&rsquo;engage \u00e0 prot\u00e9ger vos donn\u00e9es personnelles et votre vie priv\u00e9e.<br \/>\nConform\u00e9ment \u00e0 la loi 78-17 \u00ab Informatique et Libert\u00e9s \u00bb du 6 janvier 1978, le pr\u00e9sent site a fait l&rsquo;objet d&rsquo;une d\u00e9claration \u00e0 la CNIL &#8211; en date du 26 septembre 2011 &#8211; r\u00e9c\u00e9piss\u00e9 de d\u00e9claration n\u00b0 153 4329.<br \/>\nVos donn\u00e9es personnelles vous appartiennent. Lors de toute collecte d&rsquo;informations, nous respectons les droits fondamentaux de nos utilisateurs.<\/p>\n<p>&nbsp;<\/p>\n<p>Nous stockons trois types d&rsquo;informations :<\/p>\n<p>&nbsp;<\/p>\n<p><strong>1. Les informations nominatives<\/strong><br \/>\nLes donn\u00e9es vous concernant sont destin\u00e9es \u00e0 UNI-Presse. Elles sont n\u00e9cessaires pour le traitement et la gestion de votre commande. Elles pourront aussi \u00eatre utilis\u00e9es par nos services internes et des tiers contractuellement li\u00e9s, \u00e0 des fins de prospection commerciale, d&rsquo;analyse et de recherche marketing. Vous disposez \u00e0 tout moment d&rsquo;un droit d&rsquo;acc\u00e8s, de rectification, d&rsquo;opposition et de suppression des donn\u00e9es vous concernant (loi \u00ab\u00a0informatique et libert\u00e9s\u00a0\u00bb du 06\/01\/78).<\/p>\n<p>Pour toute demande, adressez-vous \u00e0 UNI-Presse \u2013 112 rue R\u00e9aumur- 75080 Paris Cedex 02 FRANCE, Service abonnement, au 01 42 78 37 72 ou par mail : <a href=\"mailto:servicepro@uni-presse.fr\">servicepro@uni-presse.fr<\/a><br \/>\nNous nous engageons \u00e0 ne jamais vendre ni louer ces donn\u00e9es sans votre accord explicite. Elles seront exclusivement destin\u00e9es \u00e0 nos services et \u00e0 nos partenaires, dans le cadre de votre utilisation des prestations UNI-Presse. De la m\u00eame fa\u00e7on, nous exigeons de nos partenaires qu&rsquo;ils ne divulguent ni ne commercialisent ces donn\u00e9es nominatives.<\/p>\n<p>&nbsp;<\/p>\n<p><strong>2. D\u00e9sinscriptions<\/strong><br \/>\nVous avez la possibilit\u00e9 de vous d\u00e9sabonner \u00e0 tout moment en cliquant sur le lien pr\u00e9sent dans tous les e-mails envoy\u00e9s par UNI-Presse ou en adressant un mail \u00e0 l&rsquo;adresse suivante : <a href=\"mailto:servicepro@uni-presse.fr\">servicepro@uni-presse.fr<\/a><\/p>\n<p>&nbsp;<\/p>\n<p><strong>3. Les informations statistiques li\u00e9es \u00e0 la navigation : les cookies<\/strong><br \/>\nLes rubriques que vous consultez, vos habitudes de navigation&#8230; Autant d&rsquo;informations qui vont nous permettre de personnaliser et d&rsquo;am\u00e9liorer votre navigation sur notre site. Ces informations pourront \u00e9galement faire l&rsquo;objet d&rsquo;un traitement statistique.<br \/>\nConsultez \u00e9galement nos Conditions G\u00e9n\u00e9rales de Vente, la boutique internet d&rsquo;UNI-Presse, la plate-forme s\u00e9curis\u00e9e de vente sur internet des diff\u00e9rents articles d&rsquo;UNI-Presse, appartiennent \u00e0 l&rsquo;association UNI-Presse .<\/p>\n<p>&nbsp;<\/p>\n<p>UNI-Presse, Association Loi 1901<br \/>\n112 rue R\u00e9aumur,\u00a0 75080 Paris Cedex 02 FRANCE<br \/>\nT\u00e9l : +33 (0)1 42 78 37 72<br \/>\nN\u00b0 Siret : 44879427100024<br \/>\nD\u00e9clar\u00e9 \u00e0 la pr\u00e9fecture de police de PARIS<br \/>\nCode TVA intra communautaire : FR 30448794271<br \/>\nPr\u00e9sident : Fran\u00e7ois &#8211; Xavier Devaux<br \/>\nDirecteur G\u00e9n\u00e9ral : Mariana Negri &#8211; Marchegay<\/p>\n<p>&nbsp;<\/p>\n<h2><strong>2\/ Coordonn\u00e9es de l\u2019h\u00e9bergeur du site<\/strong><\/h2>\n<p>ALWAYSDATA, SARL<br \/>\nRCS Paris\u00a0 \u00a0492 893 490<br \/>\n91 rue du Faubourg Saint Honor\u00e9 &#8211; 75008 Paris<\/p>\n<p>&nbsp;<\/p>\n<h2><strong>3\/ Cr\u00e9dits<\/strong><\/h2>\n<p>D\u00e9veloppement<\/p>\n<p>S\u00e9bastien Galliot <a href=\"mailto:seb@demenageur-site.com\">seb@demenageur-site.com<\/a><br \/>\nKillian Weidner <a href=\"mailto:kil.weid@hotmail.fr\">kil.weid@hotmail.fr<\/a><\/p>\n<p>&nbsp;<\/p>\n","protected":false},"excerpt":{"rendered":"<p>1\/ Protection des donn\u00e9es personnelles UNI-Presse s&rsquo;engage \u00e0 prot\u00e9ger vos donn\u00e9es personnelles et votre vie priv\u00e9e. Conform\u00e9ment \u00e0 la loi 78-17 \u00ab Informatique et Libert\u00e9s \u00bb du 6 janvier 1978, le pr\u00e9sent site a fait l&rsquo;objet d&rsquo;une d\u00e9claration \u00e0 la CNIL &#8211; en date du 26 septembre 2011 &#8211; r\u00e9c\u00e9piss\u00e9 de d\u00e9claration n\u00b0 153 4329. [&hellip;]<\/p>\n","protected":false},"author":7,"featured_media":2788,"parent":0,"menu_order":0,"comment_status":"closed","ping_status":"closed","template":"","meta":{"footnotes":""},"class_list":["post-245","page","type-page","status-publish","has-post-thumbnail","hentry"],"yoast_head":"<!-- This site is optimized with the Yoast SEO Premium plugin v25.1 (Yoast SEO v25.1) - https:\/\/yoast.com\/wordpress\/plugins\/seo\/ -->\n<title>Mentions l\u00e9gales - UNI-Presse Pro<\/title>\n<meta name=\"description\" content=\"Consultez nos mentions l\u00e9gales pour en savoir plus sur les informations juridiques et les conditions d&#039;utilisation de notre site.\" \/>\n<meta name=\"robots\" content=\"index, follow, max-snippet:-1, max-image-preview:large, max-video-preview:-1\" \/>\n<link rel=\"canonical\" href=\"https:\/\/pro.uni-presse.fr\/fr\/mentions-legales\/\" \/>\n<meta property=\"og:locale\" content=\"fr_FR\" \/>\n<meta property=\"og:type\" content=\"article\" \/>\n<meta property=\"og:title\" content=\"Mentions l\u00e9gales\" \/>\n<meta property=\"og:description\" content=\"Consultez nos mentions l\u00e9gales pour en savoir plus sur les informations juridiques et les conditions d&#039;utilisation de notre site.\" \/>\n<meta property=\"og:url\" content=\"https:\/\/pro.uni-presse.fr\/fr\/mentions-legales\/\" \/>\n<meta property=\"og:site_name\" content=\"UNI-Presse Pro\" \/>\n<meta property=\"article:modified_time\" content=\"2025-04-28T14:36:53+00:00\" \/>\n<meta property=\"og:image\" content=\"https:\/\/pro.uni-presse.fr\/content\/uploads\/2024\/07\/B2B-Site-Illustration-08.png\" \/>\n\t<meta property=\"og:image:width\" content=\"1333\" \/>\n\t<meta property=\"og:image:height\" content=\"2000\" \/>\n\t<meta property=\"og:image:type\" content=\"image\/png\" \/>\n<meta name=\"twitter:card\" content=\"summary_large_image\" \/>\n<meta name=\"twitter:label1\" content=\"Dur\u00e9e de lecture estim\u00e9e\" \/>\n\t<meta name=\"twitter:data1\" content=\"3 minutes\" \/>\n<script type=\"application\/ld+json\" class=\"yoast-schema-graph\">{\"@context\":\"https:\/\/schema.org\",\"@graph\":[{\"@type\":\"WebPage\",\"@id\":\"https:\/\/pro.uni-presse.fr\/fr\/mentions-legales\/\",\"url\":\"https:\/\/pro.uni-presse.fr\/fr\/mentions-legales\/\",\"name\":\"Mentions l\u00e9gales - UNI-Presse Pro\",\"isPartOf\":{\"@id\":\"https:\/\/pro.uni-presse.fr\/fr\/#website\"},\"primaryImageOfPage\":{\"@id\":\"https:\/\/pro.uni-presse.fr\/fr\/mentions-legales\/#primaryimage\"},\"image\":{\"@id\":\"https:\/\/pro.uni-presse.fr\/fr\/mentions-legales\/#primaryimage\"},\"thumbnailUrl\":\"https:\/\/pro.uni-presse.fr\/content\/uploads\/2024\/07\/B2B-Site-Illustration-08.png\",\"datePublished\":\"2016-06-13T11:24:03+00:00\",\"dateModified\":\"2025-04-28T14:36:53+00:00\",\"description\":\"Consultez nos mentions l\u00e9gales pour en savoir plus sur les informations juridiques et les conditions d'utilisation de notre site.\",\"breadcrumb\":{\"@id\":\"https:\/\/pro.uni-presse.fr\/fr\/mentions-legales\/#breadcrumb\"},\"inLanguage\":\"fr-FR\",\"potentialAction\":[{\"@type\":\"ReadAction\",\"target\":[\"https:\/\/pro.uni-presse.fr\/fr\/mentions-legales\/\"]}]},{\"@type\":\"ImageObject\",\"inLanguage\":\"fr-FR\",\"@id\":\"https:\/\/pro.uni-presse.fr\/fr\/mentions-legales\/#primaryimage\",\"url\":\"https:\/\/pro.uni-presse.fr\/content\/uploads\/2024\/07\/B2B-Site-Illustration-08.png\",\"contentUrl\":\"https:\/\/pro.uni-presse.fr\/content\/uploads\/2024\/07\/B2B-Site-Illustration-08.png\",\"width\":1333,\"height\":2000},{\"@type\":\"BreadcrumbList\",\"@id\":\"https:\/\/pro.uni-presse.fr\/fr\/mentions-legales\/#breadcrumb\",\"itemListElement\":[{\"@type\":\"ListItem\",\"position\":1,\"name\":\"Home\",\"item\":\"https:\/\/pro.uni-presse.fr\/fr\/\"},{\"@type\":\"ListItem\",\"position\":2,\"name\":\"Mentions l\u00e9gales\"}]},{\"@type\":\"WebSite\",\"@id\":\"https:\/\/pro.uni-presse.fr\/fr\/#website\",\"url\":\"https:\/\/pro.uni-presse.fr\/fr\/\",\"name\":\"UNI-Presse Pro\",\"description\":\"Pr\u00e9sence des presses de France dans le monde\",\"potentialAction\":[{\"@type\":\"SearchAction\",\"target\":{\"@type\":\"EntryPoint\",\"urlTemplate\":\"https:\/\/pro.uni-presse.fr\/fr\/?s={search_term_string}\"},\"query-input\":{\"@type\":\"PropertyValueSpecification\",\"valueRequired\":true,\"valueName\":\"search_term_string\"}}],\"inLanguage\":\"fr-FR\"}]}<\/script>\n<!-- \/ Yoast SEO Premium plugin. -->","yoast_head_json":{"title":"Mentions l\u00e9gales - UNI-Presse Pro","description":"Consultez nos mentions l\u00e9gales pour en savoir plus sur les informations juridiques et les conditions d'utilisation de notre site.","robots":{"index":"index","follow":"follow","max-snippet":"max-snippet:-1","max-image-preview":"max-image-preview:large","max-video-preview":"max-video-preview:-1"},"canonical":"https:\/\/pro.uni-presse.fr\/fr\/mentions-legales\/","og_locale":"fr_FR","og_type":"article","og_title":"Mentions l\u00e9gales","og_description":"Consultez nos mentions l\u00e9gales pour en savoir plus sur les informations juridiques et les conditions d'utilisation de notre site.","og_url":"https:\/\/pro.uni-presse.fr\/fr\/mentions-legales\/","og_site_name":"UNI-Presse Pro","article_modified_time":"2025-04-28T14:36:53+00:00","og_image":[{"width":1333,"height":2000,"url":"https:\/\/pro.uni-presse.fr\/content\/uploads\/2024\/07\/B2B-Site-Illustration-08.png","type":"image\/png"}],"twitter_card":"summary_large_image","twitter_misc":{"Dur\u00e9e de lecture estim\u00e9e":"3 minutes"},"schema":{"@context":"https:\/\/schema.org","@graph":[{"@type":"WebPage","@id":"https:\/\/pro.uni-presse.fr\/fr\/mentions-legales\/","url":"https:\/\/pro.uni-presse.fr\/fr\/mentions-legales\/","name":"Mentions l\u00e9gales - UNI-Presse Pro","isPartOf":{"@id":"https:\/\/pro.uni-presse.fr\/fr\/#website"},"primaryImageOfPage":{"@id":"https:\/\/pro.uni-presse.fr\/fr\/mentions-legales\/#primaryimage"},"image":{"@id":"https:\/\/pro.uni-presse.fr\/fr\/mentions-legales\/#primaryimage"},"thumbnailUrl":"https:\/\/pro.uni-presse.fr\/content\/uploads\/2024\/07\/B2B-Site-Illustration-08.png","datePublished":"2016-06-13T11:24:03+00:00","dateModified":"2025-04-28T14:36:53+00:00","description":"Consultez nos mentions l\u00e9gales pour en savoir plus sur les informations juridiques et les conditions d'utilisation de notre site.","breadcrumb":{"@id":"https:\/\/pro.uni-presse.fr\/fr\/mentions-legales\/#breadcrumb"},"inLanguage":"fr-FR","potentialAction":[{"@type":"ReadAction","target":["https:\/\/pro.uni-presse.fr\/fr\/mentions-legales\/"]}]},{"@type":"ImageObject","inLanguage":"fr-FR","@id":"https:\/\/pro.uni-presse.fr\/fr\/mentions-legales\/#primaryimage","url":"https:\/\/pro.uni-presse.fr\/content\/uploads\/2024\/07\/B2B-Site-Illustration-08.png","contentUrl":"https:\/\/pro.uni-presse.fr\/content\/uploads\/2024\/07\/B2B-Site-Illustration-08.png","width":1333,"height":2000},{"@type":"BreadcrumbList","@id":"https:\/\/pro.uni-presse.fr\/fr\/mentions-legales\/#breadcrumb","itemListElement":[{"@type":"ListItem","position":1,"name":"Home","item":"https:\/\/pro.uni-presse.fr\/fr\/"},{"@type":"ListItem","position":2,"name":"Mentions l\u00e9gales"}]},{"@type":"WebSite","@id":"https:\/\/pro.uni-presse.fr\/fr\/#website","url":"https:\/\/pro.uni-presse.fr\/fr\/","name":"UNI-Presse Pro","description":"Pr\u00e9sence des presses de France dans le monde","potentialAction":[{"@type":"SearchAction","target":{"@type":"EntryPoint","urlTemplate":"https:\/\/pro.uni-presse.fr\/fr\/?s={search_term_string}"},"query-input":{"@type":"PropertyValueSpecification","valueRequired":true,"valueName":"search_term_string"}}],"inLanguage":"fr-FR"}]}},"_links":{"self":[{"href":"https:\/\/pro.uni-presse.fr\/fr\/wp-json\/wp\/v2\/pages\/245","targetHints":{"allow":["GET"]}}],"collection":[{"href":"https:\/\/pro.uni-presse.fr\/fr\/wp-json\/wp\/v2\/pages"}],"about":[{"href":"https:\/\/pro.uni-presse.fr\/fr\/wp-json\/wp\/v2\/types\/page"}],"author":[{"embeddable":true,"href":"https:\/\/pro.uni-presse.fr\/fr\/wp-json\/wp\/v2\/users\/7"}],"replies":[{"embeddable":true,"href":"https:\/\/pro.uni-presse.fr\/fr\/wp-json\/wp\/v2\/comments?post=245"}],"version-history":[{"count":18,"href":"https:\/\/pro.uni-presse.fr\/fr\/wp-json\/wp\/v2\/pages\/245\/revisions"}],"predecessor-version":[{"id":3950,"href":"https:\/\/pro.uni-presse.fr\/fr\/wp-json\/wp\/v2\/pages\/245\/revisions\/3950"}],"wp:featuredmedia":[{"embeddable":true,"href":"https:\/\/pro.uni-presse.fr\/fr\/wp-json\/wp\/v2\/media\/2788"}],"wp:attachment":[{"href":"https:\/\/pro.uni-presse.fr\/fr\/wp-json\/wp\/v2\/media?parent=245"}],"curies":[{"name":"wp","href":"https:\/\/api.w.org\/{rel}","templated":true}]}}