{"id":397,"date":"2016-09-06T09:37:36","date_gmt":"2016-09-06T08:37:36","guid":{"rendered":"https:\/\/pro.uni-presse.fr\/fr\/?page_id=397"},"modified":"2025-05-15T11:07:29","modified_gmt":"2025-05-15T10:07:29","slug":"recrutement","status":"publish","type":"page","link":"https:\/\/pro.uni-presse.fr\/fr\/recrutement\/","title":{"rendered":"Recrutement"},"content":{"rendered":"<p>L&rsquo;association UNI-Presse a pour objectif de promouvoir la presse fran\u00e7aise dans le monde. Nous travaillons avec un r\u00e9seau de repr\u00e9sentants locaux afin d&rsquo;\u00eatre au plus pr\u00e8s de nos abonn\u00e9s, de pouvoir les aider et les accompagner dans leurs d\u00e9marches et la gestion de leurs abonnements.<\/p>\n<p>Dans ce cadre, nous recherchons de nouveaux collaborateurs et partenaires dans le monde pour enrichir notre r\u00e9seau et le rayonnement de notre association.<\/p>\n<p>&nbsp;<\/p>\n<p>Les opportunit\u00e9s du moment :<\/p>\n<ul>\n<li style=\"list-style-type: none;\">\n<ul>\n<li><a href=\"https:\/\/pro.uni-presse.fr\/content\/uploads\/2024\/05\/Annonce-Recrutement-Representant-Perou-2024.pdf\">Annonce Recrutement Repr\u00e9sentant P\u00e9rou<\/a><\/li>\n<li><a href=\"https:\/\/pro.uni-presse.fr\/content\/uploads\/2024\/05\/Annonce-Recrutement-Representant-PORTUGAL-2024.pdf\">Annonce Recrutement Repr\u00e9sentant Portugal<\/a><\/li>\n<li><a href=\"https:\/\/pro.uni-presse.fr\/content\/uploads\/2024\/10\/Annonce-Recrutement-Representant-MADAGASCAR-1.pdf\">Annonce Recrutement Repr\u00e9sentant Madagascar<\/a><\/li>\n<\/ul>\n<\/li>\n<\/ul>\n<p>&nbsp;<\/p>\n","protected":false},"excerpt":{"rendered":"<p>L&rsquo;association UNI-Presse a pour objectif de promouvoir la presse fran\u00e7aise dans le monde. Nous travaillons avec un r\u00e9seau de repr\u00e9sentants locaux afin d&rsquo;\u00eatre au plus pr\u00e8s de nos abonn\u00e9s, de pouvoir les aider et les accompagner dans leurs d\u00e9marches et la gestion de leurs abonnements. Dans ce cadre, nous recherchons de nouveaux collaborateurs et partenaires [&hellip;]<\/p>\n","protected":false},"author":7,"featured_media":2787,"parent":0,"menu_order":0,"comment_status":"closed","ping_status":"closed","template":"","meta":{"footnotes":""},"class_list":["post-397","page","type-page","status-publish","has-post-thumbnail","hentry"],"yoast_head":"<!-- This site is optimized with the Yoast SEO Premium plugin v25.1 (Yoast SEO v25.1) - https:\/\/yoast.com\/wordpress\/plugins\/seo\/ -->\n<title>Recrutement - UNI-Presse Pro<\/title>\n<meta name=\"description\" content=\"Bienvenue sur notre page recrutement. D\u00e9couvrez nos opportunit\u00e9s de carri\u00e8re et postulez d\u00e8s aujourd\u2019hui via notre site.\" \/>\n<meta name=\"robots\" content=\"index, follow, max-snippet:-1, max-image-preview:large, max-video-preview:-1\" \/>\n<link rel=\"canonical\" href=\"https:\/\/pro.uni-presse.fr\/fr\/recrutement\/\" \/>\n<meta property=\"og:locale\" content=\"fr_FR\" \/>\n<meta property=\"og:type\" content=\"article\" \/>\n<meta property=\"og:title\" content=\"Recrutement\" \/>\n<meta property=\"og:description\" content=\"Bienvenue sur notre page recrutement. D\u00e9couvrez nos opportunit\u00e9s de carri\u00e8re et postulez d\u00e8s aujourd\u2019hui via notre site.\" \/>\n<meta property=\"og:url\" content=\"https:\/\/pro.uni-presse.fr\/fr\/recrutement\/\" \/>\n<meta property=\"og:site_name\" content=\"UNI-Presse Pro\" \/>\n<meta property=\"article:modified_time\" content=\"2025-05-15T10:07:29+00:00\" \/>\n<meta property=\"og:image\" content=\"https:\/\/pro.uni-presse.fr\/content\/uploads\/2024\/07\/B2B-Site-Illustration-11-682x1024.png\" \/>\n\t<meta property=\"og:image:width\" content=\"682\" \/>\n\t<meta property=\"og:image:height\" content=\"1024\" \/>\n\t<meta property=\"og:image:type\" content=\"image\/png\" \/>\n<meta name=\"twitter:card\" content=\"summary_large_image\" \/>\n<meta name=\"twitter:label1\" content=\"Dur\u00e9e de lecture estim\u00e9e\" \/>\n\t<meta name=\"twitter:data1\" content=\"1 minute\" \/>\n<script type=\"application\/ld+json\" class=\"yoast-schema-graph\">{\"@context\":\"https:\/\/schema.org\",\"@graph\":[{\"@type\":\"WebPage\",\"@id\":\"https:\/\/pro.uni-presse.fr\/fr\/recrutement\/\",\"url\":\"https:\/\/pro.uni-presse.fr\/fr\/recrutement\/\",\"name\":\"Recrutement - UNI-Presse Pro\",\"isPartOf\":{\"@id\":\"https:\/\/pro.uni-presse.fr\/fr\/#website\"},\"primaryImageOfPage\":{\"@id\":\"https:\/\/pro.uni-presse.fr\/fr\/recrutement\/#primaryimage\"},\"image\":{\"@id\":\"https:\/\/pro.uni-presse.fr\/fr\/recrutement\/#primaryimage\"},\"thumbnailUrl\":\"https:\/\/pro.uni-presse.fr\/content\/uploads\/2024\/07\/B2B-Site-Illustration-11-e1722246581240.png\",\"datePublished\":\"2016-09-06T08:37:36+00:00\",\"dateModified\":\"2025-05-15T10:07:29+00:00\",\"description\":\"Bienvenue sur notre page recrutement. D\u00e9couvrez nos opportunit\u00e9s de carri\u00e8re et postulez d\u00e8s aujourd\u2019hui via notre site.\",\"breadcrumb\":{\"@id\":\"https:\/\/pro.uni-presse.fr\/fr\/recrutement\/#breadcrumb\"},\"inLanguage\":\"fr-FR\",\"potentialAction\":[{\"@type\":\"ReadAction\",\"target\":[\"https:\/\/pro.uni-presse.fr\/fr\/recrutement\/\"]}]},{\"@type\":\"ImageObject\",\"inLanguage\":\"fr-FR\",\"@id\":\"https:\/\/pro.uni-presse.fr\/fr\/recrutement\/#primaryimage\",\"url\":\"https:\/\/pro.uni-presse.fr\/content\/uploads\/2024\/07\/B2B-Site-Illustration-11-e1722246581240.png\",\"contentUrl\":\"https:\/\/pro.uni-presse.fr\/content\/uploads\/2024\/07\/B2B-Site-Illustration-11-e1722246581240.png\",\"width\":300,\"height\":450,\"caption\":\"Homme assis lisant un magazine\"},{\"@type\":\"BreadcrumbList\",\"@id\":\"https:\/\/pro.uni-presse.fr\/fr\/recrutement\/#breadcrumb\",\"itemListElement\":[{\"@type\":\"ListItem\",\"position\":1,\"name\":\"Home\",\"item\":\"https:\/\/pro.uni-presse.fr\/fr\/\"},{\"@type\":\"ListItem\",\"position\":2,\"name\":\"Recrutement\"}]},{\"@type\":\"WebSite\",\"@id\":\"https:\/\/pro.uni-presse.fr\/fr\/#website\",\"url\":\"https:\/\/pro.uni-presse.fr\/fr\/\",\"name\":\"UNI-Presse Pro\",\"description\":\"Pr\u00e9sence des presses de France dans le monde\",\"potentialAction\":[{\"@type\":\"SearchAction\",\"target\":{\"@type\":\"EntryPoint\",\"urlTemplate\":\"https:\/\/pro.uni-presse.fr\/fr\/?s={search_term_string}\"},\"query-input\":{\"@type\":\"PropertyValueSpecification\",\"valueRequired\":true,\"valueName\":\"search_term_string\"}}],\"inLanguage\":\"fr-FR\"}]}<\/script>\n<!-- \/ Yoast SEO Premium plugin. -->","yoast_head_json":{"title":"Recrutement - UNI-Presse Pro","description":"Bienvenue sur notre page recrutement. D\u00e9couvrez nos opportunit\u00e9s de carri\u00e8re et postulez d\u00e8s aujourd\u2019hui via notre site.","robots":{"index":"index","follow":"follow","max-snippet":"max-snippet:-1","max-image-preview":"max-image-preview:large","max-video-preview":"max-video-preview:-1"},"canonical":"https:\/\/pro.uni-presse.fr\/fr\/recrutement\/","og_locale":"fr_FR","og_type":"article","og_title":"Recrutement","og_description":"Bienvenue sur notre page recrutement. D\u00e9couvrez nos opportunit\u00e9s de carri\u00e8re et postulez d\u00e8s aujourd\u2019hui via notre site.","og_url":"https:\/\/pro.uni-presse.fr\/fr\/recrutement\/","og_site_name":"UNI-Presse Pro","article_modified_time":"2025-05-15T10:07:29+00:00","og_image":[{"width":682,"height":1024,"url":"https:\/\/pro.uni-presse.fr\/content\/uploads\/2024\/07\/B2B-Site-Illustration-11-682x1024.png","type":"image\/png"}],"twitter_card":"summary_large_image","twitter_misc":{"Dur\u00e9e de lecture estim\u00e9e":"1 minute"},"schema":{"@context":"https:\/\/schema.org","@graph":[{"@type":"WebPage","@id":"https:\/\/pro.uni-presse.fr\/fr\/recrutement\/","url":"https:\/\/pro.uni-presse.fr\/fr\/recrutement\/","name":"Recrutement - UNI-Presse Pro","isPartOf":{"@id":"https:\/\/pro.uni-presse.fr\/fr\/#website"},"primaryImageOfPage":{"@id":"https:\/\/pro.uni-presse.fr\/fr\/recrutement\/#primaryimage"},"image":{"@id":"https:\/\/pro.uni-presse.fr\/fr\/recrutement\/#primaryimage"},"thumbnailUrl":"https:\/\/pro.uni-presse.fr\/content\/uploads\/2024\/07\/B2B-Site-Illustration-11-e1722246581240.png","datePublished":"2016-09-06T08:37:36+00:00","dateModified":"2025-05-15T10:07:29+00:00","description":"Bienvenue sur notre page recrutement. D\u00e9couvrez nos opportunit\u00e9s de carri\u00e8re et postulez d\u00e8s aujourd\u2019hui via notre site.","breadcrumb":{"@id":"https:\/\/pro.uni-presse.fr\/fr\/recrutement\/#breadcrumb"},"inLanguage":"fr-FR","potentialAction":[{"@type":"ReadAction","target":["https:\/\/pro.uni-presse.fr\/fr\/recrutement\/"]}]},{"@type":"ImageObject","inLanguage":"fr-FR","@id":"https:\/\/pro.uni-presse.fr\/fr\/recrutement\/#primaryimage","url":"https:\/\/pro.uni-presse.fr\/content\/uploads\/2024\/07\/B2B-Site-Illustration-11-e1722246581240.png","contentUrl":"https:\/\/pro.uni-presse.fr\/content\/uploads\/2024\/07\/B2B-Site-Illustration-11-e1722246581240.png","width":300,"height":450,"caption":"Homme assis lisant un magazine"},{"@type":"BreadcrumbList","@id":"https:\/\/pro.uni-presse.fr\/fr\/recrutement\/#breadcrumb","itemListElement":[{"@type":"ListItem","position":1,"name":"Home","item":"https:\/\/pro.uni-presse.fr\/fr\/"},{"@type":"ListItem","position":2,"name":"Recrutement"}]},{"@type":"WebSite","@id":"https:\/\/pro.uni-presse.fr\/fr\/#website","url":"https:\/\/pro.uni-presse.fr\/fr\/","name":"UNI-Presse Pro","description":"Pr\u00e9sence des presses de France dans le monde","potentialAction":[{"@type":"SearchAction","target":{"@type":"EntryPoint","urlTemplate":"https:\/\/pro.uni-presse.fr\/fr\/?s={search_term_string}"},"query-input":{"@type":"PropertyValueSpecification","valueRequired":true,"valueName":"search_term_string"}}],"inLanguage":"fr-FR"}]}},"_links":{"self":[{"href":"https:\/\/pro.uni-presse.fr\/fr\/wp-json\/wp\/v2\/pages\/397","targetHints":{"allow":["GET"]}}],"collection":[{"href":"https:\/\/pro.uni-presse.fr\/fr\/wp-json\/wp\/v2\/pages"}],"about":[{"href":"https:\/\/pro.uni-presse.fr\/fr\/wp-json\/wp\/v2\/types\/page"}],"author":[{"embeddable":true,"href":"https:\/\/pro.uni-presse.fr\/fr\/wp-json\/wp\/v2\/users\/7"}],"replies":[{"embeddable":true,"href":"https:\/\/pro.uni-presse.fr\/fr\/wp-json\/wp\/v2\/comments?post=397"}],"version-history":[{"count":22,"href":"https:\/\/pro.uni-presse.fr\/fr\/wp-json\/wp\/v2\/pages\/397\/revisions"}],"predecessor-version":[{"id":4012,"href":"https:\/\/pro.uni-presse.fr\/fr\/wp-json\/wp\/v2\/pages\/397\/revisions\/4012"}],"wp:featuredmedia":[{"embeddable":true,"href":"https:\/\/pro.uni-presse.fr\/fr\/wp-json\/wp\/v2\/media\/2787"}],"wp:attachment":[{"href":"https:\/\/pro.uni-presse.fr\/fr\/wp-json\/wp\/v2\/media?parent=397"}],"curies":[{"name":"wp","href":"https:\/\/api.w.org\/{rel}","templated":true}]}}