{"id":9,"date":"2015-09-30T07:41:57","date_gmt":"2015-09-30T06:41:57","guid":{"rendered":"http:\/\/pro.uni-presse.dev\/?page_id=9"},"modified":"2026-01-12T17:08:27","modified_gmt":"2026-01-12T16:08:27","slug":"nos-services-la-gestion-dabonnement","status":"publish","type":"page","link":"https:\/\/pro.uni-presse.fr\/fr\/nos-services-la-gestion-dabonnement\/","title":{"rendered":"Nos services agence d&rsquo;abonnements"},"content":{"rendered":"","protected":false},"excerpt":{"rendered":"","protected":false},"author":7,"featured_media":0,"parent":0,"menu_order":0,"comment_status":"closed","ping_status":"closed","template":"template-modele-2.php","meta":{"footnotes":""},"class_list":["post-9","page","type-page","status-publish","hentry"],"yoast_head":"<!-- This site is optimized with the Yoast SEO Premium plugin v25.1 (Yoast SEO v25.1) - https:\/\/yoast.com\/wordpress\/plugins\/seo\/ -->\n<title>Nos services agence d&#039;abonnements - UNI-Presse Pro<\/title>\n<meta name=\"description\" content=\"UNI-Presse propose une gestion simplifi\u00e9e des abonnements p\u00e9riodiques, avec un catalogue de 7 000 titres et un service client d\u00e9di\u00e9.\" \/>\n<meta name=\"robots\" content=\"index, follow, max-snippet:-1, max-image-preview:large, max-video-preview:-1\" \/>\n<link rel=\"canonical\" href=\"https:\/\/pro.uni-presse.fr\/fr\/nos-services-la-gestion-dabonnement\/\" \/>\n<meta property=\"og:locale\" content=\"fr_FR\" \/>\n<meta property=\"og:type\" content=\"article\" \/>\n<meta property=\"og:title\" content=\"Nos services agence d&#039;abonnements\" \/>\n<meta property=\"og:description\" content=\"UNI-Presse propose une gestion simplifi\u00e9e des abonnements p\u00e9riodiques, avec un catalogue de 7 000 titres et un service client d\u00e9di\u00e9.\" \/>\n<meta property=\"og:url\" content=\"https:\/\/pro.uni-presse.fr\/fr\/nos-services-la-gestion-dabonnement\/\" \/>\n<meta property=\"og:site_name\" content=\"UNI-Presse Pro\" \/>\n<meta property=\"article:modified_time\" content=\"2026-01-12T16:08:27+00:00\" \/>\n<meta name=\"twitter:card\" content=\"summary_large_image\" \/>\n<script type=\"application\/ld+json\" class=\"yoast-schema-graph\">{\"@context\":\"https:\/\/schema.org\",\"@graph\":[{\"@type\":\"WebPage\",\"@id\":\"https:\/\/pro.uni-presse.fr\/fr\/nos-services-la-gestion-dabonnement\/\",\"url\":\"https:\/\/pro.uni-presse.fr\/fr\/nos-services-la-gestion-dabonnement\/\",\"name\":\"Nos services agence d'abonnements - UNI-Presse Pro\",\"isPartOf\":{\"@id\":\"https:\/\/pro.uni-presse.fr\/fr\/#website\"},\"datePublished\":\"2015-09-30T06:41:57+00:00\",\"dateModified\":\"2026-01-12T16:08:27+00:00\",\"description\":\"UNI-Presse propose une gestion simplifi\u00e9e des abonnements p\u00e9riodiques, avec un catalogue de 7 000 titres et un service client d\u00e9di\u00e9.\",\"breadcrumb\":{\"@id\":\"https:\/\/pro.uni-presse.fr\/fr\/nos-services-la-gestion-dabonnement\/#breadcrumb\"},\"inLanguage\":\"fr-FR\",\"potentialAction\":[{\"@type\":\"ReadAction\",\"target\":[\"https:\/\/pro.uni-presse.fr\/fr\/nos-services-la-gestion-dabonnement\/\"]}]},{\"@type\":\"BreadcrumbList\",\"@id\":\"https:\/\/pro.uni-presse.fr\/fr\/nos-services-la-gestion-dabonnement\/#breadcrumb\",\"itemListElement\":[{\"@type\":\"ListItem\",\"position\":1,\"name\":\"Home\",\"item\":\"https:\/\/pro.uni-presse.fr\/fr\/\"},{\"@type\":\"ListItem\",\"position\":2,\"name\":\"Nos services agence d&rsquo;abonnements\"}]},{\"@type\":\"WebSite\",\"@id\":\"https:\/\/pro.uni-presse.fr\/fr\/#website\",\"url\":\"https:\/\/pro.uni-presse.fr\/fr\/\",\"name\":\"UNI-Presse Pro\",\"description\":\"Pr\u00e9sence des presses de France dans le monde\",\"potentialAction\":[{\"@type\":\"SearchAction\",\"target\":{\"@type\":\"EntryPoint\",\"urlTemplate\":\"https:\/\/pro.uni-presse.fr\/fr\/?s={search_term_string}\"},\"query-input\":{\"@type\":\"PropertyValueSpecification\",\"valueRequired\":true,\"valueName\":\"search_term_string\"}}],\"inLanguage\":\"fr-FR\"}]}<\/script>\n<!-- \/ Yoast SEO Premium plugin. -->","yoast_head_json":{"title":"Nos services agence d'abonnements - UNI-Presse Pro","description":"UNI-Presse propose une gestion simplifi\u00e9e des abonnements p\u00e9riodiques, avec un catalogue de 7 000 titres et un service client d\u00e9di\u00e9.","robots":{"index":"index","follow":"follow","max-snippet":"max-snippet:-1","max-image-preview":"max-image-preview:large","max-video-preview":"max-video-preview:-1"},"canonical":"https:\/\/pro.uni-presse.fr\/fr\/nos-services-la-gestion-dabonnement\/","og_locale":"fr_FR","og_type":"article","og_title":"Nos services agence d'abonnements","og_description":"UNI-Presse propose une gestion simplifi\u00e9e des abonnements p\u00e9riodiques, avec un catalogue de 7 000 titres et un service client d\u00e9di\u00e9.","og_url":"https:\/\/pro.uni-presse.fr\/fr\/nos-services-la-gestion-dabonnement\/","og_site_name":"UNI-Presse Pro","article_modified_time":"2026-01-12T16:08:27+00:00","twitter_card":"summary_large_image","schema":{"@context":"https:\/\/schema.org","@graph":[{"@type":"WebPage","@id":"https:\/\/pro.uni-presse.fr\/fr\/nos-services-la-gestion-dabonnement\/","url":"https:\/\/pro.uni-presse.fr\/fr\/nos-services-la-gestion-dabonnement\/","name":"Nos services agence d'abonnements - UNI-Presse Pro","isPartOf":{"@id":"https:\/\/pro.uni-presse.fr\/fr\/#website"},"datePublished":"2015-09-30T06:41:57+00:00","dateModified":"2026-01-12T16:08:27+00:00","description":"UNI-Presse propose une gestion simplifi\u00e9e des abonnements p\u00e9riodiques, avec un catalogue de 7 000 titres et un service client d\u00e9di\u00e9.","breadcrumb":{"@id":"https:\/\/pro.uni-presse.fr\/fr\/nos-services-la-gestion-dabonnement\/#breadcrumb"},"inLanguage":"fr-FR","potentialAction":[{"@type":"ReadAction","target":["https:\/\/pro.uni-presse.fr\/fr\/nos-services-la-gestion-dabonnement\/"]}]},{"@type":"BreadcrumbList","@id":"https:\/\/pro.uni-presse.fr\/fr\/nos-services-la-gestion-dabonnement\/#breadcrumb","itemListElement":[{"@type":"ListItem","position":1,"name":"Home","item":"https:\/\/pro.uni-presse.fr\/fr\/"},{"@type":"ListItem","position":2,"name":"Nos services agence d&rsquo;abonnements"}]},{"@type":"WebSite","@id":"https:\/\/pro.uni-presse.fr\/fr\/#website","url":"https:\/\/pro.uni-presse.fr\/fr\/","name":"UNI-Presse Pro","description":"Pr\u00e9sence des presses de France dans le monde","potentialAction":[{"@type":"SearchAction","target":{"@type":"EntryPoint","urlTemplate":"https:\/\/pro.uni-presse.fr\/fr\/?s={search_term_string}"},"query-input":{"@type":"PropertyValueSpecification","valueRequired":true,"valueName":"search_term_string"}}],"inLanguage":"fr-FR"}]}},"_links":{"self":[{"href":"https:\/\/pro.uni-presse.fr\/fr\/wp-json\/wp\/v2\/pages\/9","targetHints":{"allow":["GET"]}}],"collection":[{"href":"https:\/\/pro.uni-presse.fr\/fr\/wp-json\/wp\/v2\/pages"}],"about":[{"href":"https:\/\/pro.uni-presse.fr\/fr\/wp-json\/wp\/v2\/types\/page"}],"author":[{"embeddable":true,"href":"https:\/\/pro.uni-presse.fr\/fr\/wp-json\/wp\/v2\/users\/7"}],"replies":[{"embeddable":true,"href":"https:\/\/pro.uni-presse.fr\/fr\/wp-json\/wp\/v2\/comments?post=9"}],"version-history":[{"count":50,"href":"https:\/\/pro.uni-presse.fr\/fr\/wp-json\/wp\/v2\/pages\/9\/revisions"}],"predecessor-version":[{"id":4310,"href":"https:\/\/pro.uni-presse.fr\/fr\/wp-json\/wp\/v2\/pages\/9\/revisions\/4310"}],"wp:attachment":[{"href":"https:\/\/pro.uni-presse.fr\/fr\/wp-json\/wp\/v2\/media?parent=9"}],"curies":[{"name":"wp","href":"https:\/\/api.w.org\/{rel}","templated":true}]}}